{"id":1308,"date":"2022-01-12T15:52:44","date_gmt":"2022-01-12T15:52:44","guid":{"rendered":"https:\/\/casa-alva.com\/privacy-policy\/"},"modified":"2024-03-18T01:46:16","modified_gmt":"2024-03-18T01:46:16","slug":"privacy-policy","status":"publish","type":"page","link":"https:\/\/casa-alva.com\/en\/privacy-policy\/","title":{"rendered":"Privacy policy"},"content":{"rendered":"\t\t<div data-elementor-type=\"wp-page\" data-elementor-id=\"1308\" class=\"elementor elementor-1308 elementor-597\" data-elementor-post-type=\"page\">\n\t\t\t\t\t\t<section class=\"elementor-section elementor-top-section elementor-element elementor-element-cd3252d elementor-section-height-min-height elementor-section-content-middle elementor-section-boxed elementor-section-height-default elementor-section-items-middle\" data-id=\"cd3252d\" data-element_type=\"section\" data-settings=\"{&quot;background_background&quot;:&quot;classic&quot;}\">\n\t\t\t\t\t\t\t<div class=\"elementor-background-overlay\"><\/div>\n\t\t\t\t\t\t\t<div class=\"elementor-container elementor-column-gap-default\">\n\t\t\t\t\t<div class=\"elementor-column elementor-col-100 elementor-top-column elementor-element elementor-element-2489bb3\" data-id=\"2489bb3\" data-element_type=\"column\">\n\t\t\t<div class=\"elementor-widget-wrap elementor-element-populated\">\n\t\t\t\t\t\t<div class=\"elementor-element elementor-element-cb49c7a elementor-widget elementor-widget-heading\" data-id=\"cb49c7a\" data-element_type=\"widget\" data-widget_type=\"heading.default\">\n\t\t\t\t<div class=\"elementor-widget-container\">\n\t\t\t\t\t<h5 class=\"elementor-heading-title elementor-size-default\">Information<\/h5>\t\t\t\t<\/div>\n\t\t\t\t<\/div>\n\t\t\t\t<div class=\"elementor-element elementor-element-191ee72 elementor-widget elementor-widget-heading\" data-id=\"191ee72\" data-element_type=\"widget\" data-widget_type=\"heading.default\">\n\t\t\t\t<div class=\"elementor-widget-container\">\n\t\t\t\t\t<h2 class=\"elementor-heading-title elementor-size-default\">Privacy Policy &amp; Cookies<\/h2>\t\t\t\t<\/div>\n\t\t\t\t<\/div>\n\t\t\t\t\t<\/div>\n\t\t<\/div>\n\t\t\t\t\t<\/div>\n\t\t<\/section>\n\t\t\t\t<section class=\"elementor-section elementor-top-section elementor-element elementor-element-49b03c1a elementor-section-boxed elementor-section-height-default elementor-section-height-default\" data-id=\"49b03c1a\" data-element_type=\"section\">\n\t\t\t\t\t\t<div class=\"elementor-container elementor-column-gap-default\">\n\t\t\t\t\t<div class=\"elementor-column elementor-col-100 elementor-top-column elementor-element elementor-element-24c946a0\" data-id=\"24c946a0\" data-element_type=\"column\">\n\t\t\t<div class=\"elementor-widget-wrap elementor-element-populated\">\n\t\t\t\t\t\t<div class=\"elementor-element elementor-element-5ff1f0e0 elementor-widget elementor-widget-text-editor\" data-id=\"5ff1f0e0\" data-element_type=\"widget\" data-widget_type=\"text-editor.default\">\n\t\t\t\t<div class=\"elementor-widget-container\">\n\t\t\t\t\t\t\t\t\t<p><\/p>\n<p><span lang=\"PT\" style=\"color: #000000;\">This Privacy and Data Protection Policy is intended to comply with the national and European law in force, in order to protect the data and privacy of natural persons in the process of using them on our website, or in any other interaction with Casa Alva in which these data are used.<\/span><\/p>\n<p><span style=\"color: #000000;\"><strong><span lang=\"PT\">Objetivo:<\/span><\/strong><span lang=\"PT\"><strong> <\/strong>O objetivo do processamento dos dados fornecidos pelo utilizador \u00e9 a gest\u00e3o da\/s reservas efetuadas pelo utilizador\/cliente, e\/ou responder \u00e0s perguntas\/solicita\u00e7\u00f5es apresentadas pelo mesmo ou, caso exista consentimento, para o desenvolvimento de a\u00e7\u00f5es comerciais ou de marketing.<\/span> <\/span><\/p>\n<p><span style=\"color: #000000;\"><strong><span lang=\"PT\">Data Controller (Casa Alva Management)\/Security:<\/span><\/strong><span lang=\"PT\"> Casa Alva Management will be the Hospitality Manager who will provide the user with the service requested. Identification and contact details are available on the website\/Facebook page where you made the booking so that you can contact us. The company&#8217;s identification data will also appear on the invoice\/receipt we send. And they are identified below:<\/span><\/span><\/p>\n<p><span lang=\"PT\" style=\"color: #000000;\"><strong>Phone:<\/strong> +351 918 032 176<\/span><\/p>\n<p><span lang=\"PT\" style=\"color: #000000;\"><strong>E-mail:<\/strong> info@casa-alva.com<\/span><\/p>\n<p><span lang=\"PT\" style=\"color: #000000;\"><strong>Address:<\/strong> Monte das Taliscas, Caeiros de Baixo, cx.p.422 M, 8670-130 Aljezur, Faro \u2013 Aljezur Algarve, PORTUGAL<\/span><\/p>\n<p><span lang=\"PT\" style=\"color: #000000;\">Casa Alva Management is committed to taking all reasonable and appropriate measures to protect stored personal information from misuse, accidental or unlawful alteration, loss and unauthorized disclosure or access. To this purpose, there are security rules and procedures aimed at protecting your personal data, as well as preventing unauthorized access to the data, its improper use, or its disclosure, loss or destruction.<\/span><\/p>\n<p><span lang=\"PT\" style=\"color: #000000;\">Personal data will never be transferred to a third country outside the EEA (European Economic Area).<\/span><\/p>\n<p><span style=\"color: #000000;\"><span lang=\"PT\">Direitos dos titulares de dados:<\/span><span lang=\"PT\">Os titulares de dados podem exercer os seus direitos de acesso, retifica\u00e7\u00e3o, cancelamento e oposi\u00e7\u00e3o enviando um e-mail ou por meio de carta para os detalhes de contato em nosso site de reservas e em nossas faturas.<\/span><\/span><\/p>\n<p><span lang=\"PT\" style=\"color: #000000;\"><strong>The competent supervisory authority:<\/strong> If a data subject considers their rights to be affected, they can also turn to the competent supervisory authority of the Member State concerned. More information at: <a style=\"color: #000000; text-decoration: underline;\" href=\"https:\/\/ec.europa.eu\/info\/law\/law-topic\/data-protection\/data-protection-eu_en\" target=\"_blank\" rel=\"noopener\">https:\/\/ec.europa.eu\/info\/law\/law-topic\/data-protection\/data-protection-eu_en<\/a><\/span><\/p>\n<p><span style=\"color: #000000;\"><span lang=\"PT\"><strong>Personal data:<\/strong> how we collect it and what we do with it:<\/span><\/span><\/p>\n<p><span lang=\"PT\" style=\"color: #000000;\">Personal data means any information relating to a natural person which can be directly identified or which makes that person identifiable, directly or indirectly, in particular by reference to an identifier. <\/span><\/p>\n<p><span lang=\"PT\" style=\"color: #000000;\">Some personal data may be collected when you contact Casa Alva, for example, when we have to respond to requests from potential users of our site or accommodation, or when you fill in the booking form, or when you fill in the form for a comment on the site, or when you fill in the check-in form.<\/span><\/p>\n<p><span lang=\"PT\" style=\"color: #000000;\">The data provided is usually: Full name, address of residence and country of residence, date of birth and place of birth and country, e-mail and telephone contacts, as well as the data required to make the type of payment the user\/customer chooses.<\/span><\/p>\n<p><span lang=\"PT\" style=\"color: #000000;\">The information collected for the management of the contact process and\/or the completion of the reservation is kept for 12 months. <\/span><\/p>\n<p><span lang=\"PT\" style=\"color: #000000;\">In the event that Casa Alva is interested in the possible transmission of information\/marketing or commercial purposes, the user\/customer&#8217;s consent will have been requested and the information will continue to be stored beyond 12 months. In the event of a refusal, no further information of this kind will be sent.<\/span><\/p>\n<p><span style=\"color: #000000;\"><strong><span lang=\"PT\">Data from an entity other than the user:<\/span><\/strong> <span lang=\"PT\">When the user provides us with personal data belonging to another subject, the user is responsible for such acts, as well as for obtaining the respective consent of the other subject for the provision of their data.<\/span><\/span><\/p>\n<p><strong><span style=\"color: #000000;\"><span lang=\"PT\">Cancellation of consent to store personal data or to send Casa Alva information\/marketing or commercials<\/span><\/span><\/strong><\/p>\n<p><span lang=\"PT\" style=\"color: #000000;\">As a rule, your data will be kept for 12 months. However, if you have consented to receive marketing and\/or commercial information, your data will be stored until you revoke your consent.<\/span><\/p>\n<p><span lang=\"PT\" style=\"color: #000000;\">If you wish to cancel the consent previously given or change the data to receive information\/marketing or commercial information from Casa Alva, simply send us an e-mail or a letter to the official Casa Alva address:<\/span><\/p>\n<p><span lang=\"PT\" style=\"color: #000000;\">&#8211; <a style=\"color: #000000; text-decoration: underline;\" href=\"mailto:info@casa-alva.com\">info@casa-alva.com<\/a><\/span><\/p>\n<p><span lang=\"PT\" style=\"color: #000000;\">or<\/span><\/p>\n<p><span lang=\"PT\" style=\"color: #000000;\">&#8211; Monte das Taliscas, Caixa Postal 422 M, Caeiros de Baixo, 8670-131 Aljezur.<\/span><\/p>\n<p><strong><span style=\"color: #000000;\"><span lang=\"PT\">Glossary and Technical Specifications <\/span><\/span><\/strong><\/p>\n<p><span lang=\"PT\" style=\"color: #000000;\">We collect your data automatically through cookies, in accordance with your browser&#8217;s cookie settings. We may use data from your use of our Sites to improve communication with you or the services we provide.<\/span><\/p>\n<p><strong><span style=\"color: #000000;\"><span lang=\"PT\">Cookie Policy<\/span><\/span><\/strong><\/p>\n<p><span lang=\"PT\" style=\"color: #000000;\">What is a cookie?<\/span><\/p>\n<p><span lang=\"PT\" style=\"color: #000000;\">A &#8220;cookie&#8221; is an information file that is stored on your computer&#8217;s hard drive and which records your browsing on a website so that, when you visit that site again, you can be presented with personalized options based on the information stored about your last visit. We may also use cookies on our website to analyze traffic and for advertising and marketing purposes, which do not harm your system. If you want to check or change the type of cookies you accept, you can do so in your browser settings.<\/span><\/p>\n<p><strong><span lang=\"PT\" style=\"color: #000000;\">How do we use cookies?<\/span><\/strong><\/p>\n<p><span lang=\"PT\" style=\"color: #000000;\">We use cookies to track your use of our website. This allows us to understand how you use the site and to track any patterns that emerge individually or from larger groups, which will help us to develop and improve our site and services in response to what our visitors want and need.<\/span><\/p>\n<p><span lang=\"PT\" style=\"color: #000000;\"> <\/span><span lang=\"PT\" style=\"color: #000000;\">The cookies are:<\/span><\/p>\n<p><span lang=\"PT\" style=\"color: #000000;\">&#8211; Session cookies: these are only stored on your computer during your web session and are automatically deleted when you close your browser &#8211; they usually store an anonymous session ID allowing you to browse a site without having to log in to each page, but they do not collect any information from your computer;<\/span><\/p>\n<p><span lang=\"PT\" style=\"color: #000000;\">&#8211; Persistent cookies: these are stored as a file on your computer and remain when you close your web browser. The cookie can be read by the site that created it when you visit that site again. We use persistent cookies from Google Analytics, Facebook and Mailchimp;<\/span><\/p>\n<p><span lang=\"PT\" style=\"color: #000000;\">&#8211; Strictly necessary cookies: These are essential to enable you to use the site effectively and cannot be disabled. Without these cookies, the services available to you on the site cannot be provided. These cookies do not collect information about you that can be used for marketing purposes;<\/span><\/p>\n<p><span lang=\"PT\" style=\"color: #000000;\">&#8211; Performance cookies: These cookies allow us to monitor and improve the performance of our website. For example, they allow us to count visits, identify traffic sources and see which parts of the site are most popular;<\/span><\/p>\n<p><span lang=\"PT\" style=\"color: #000000;\">&#8211; Functionality cookies: These allow our site to remember the choices you make (such as your username, language or region you are in) and provide enhanced functionality. For example, we may provide you with relevant news or updates on our website. These cookies can also be used to remember changes you have made to text size, font and other parts of web pages that you can customize. They can also be used to provide services you have requested, such as viewing a video. The information these cookies collect is usually anonymized;<\/span><\/p>\n<p><span lang=\"PT\" style=\"color: #000000;\">&#8211; Personalization cookies: These cookies are persistent (for as long as you are registered with us) and mean that when you log in or return to the site you may see similar information to that which you consulted previously.<\/span><\/p>\n<p><span lang=\"PT\" style=\"color: #000000;\">We only collect the data necessary to guarantee a good experience when using the Site and to allow you to take advantage of all the potential and features offered by it, as well as to help us manage the services we provide. This includes information such as how you use our site, how often you access it, your browser type, your IP address, the location from which you visit our site, the language you choose to view it in and the times when our site is most popular, as well as other information more fully described in our cookie policy below. If you contact us through the website, we will collect any information you provide, such as your name and contact details by filling in the contact form.<\/span><\/p>\n<p><span lang=\"PT\" style=\"color: #000000;\">When you visit our Site there is certain information that we may collect automatically, whether or not you decide to use our services. This includes your IP address, the date, times and frequency with which you access our website and how you browse its content, all as set out in the cookie policy below. We will also collect data from you when you contact us through the Site.<\/span><\/p>\n<p><span lang=\"PT\" style=\"color: #000000;\">Our website may occasionally contain links, banners or other hypertext links to websites and services of other entities, which have their own privacy policies, and\/or services provided by third parties installed on your device may allow access to information contained therein. We recommend that our Site Users carefully read the privacy policies of such third parties before submitting any personal data to those websites. Our website has no control over the content of these websites and is therefore not responsible for the content of the privacy policies of these third parties or for the processing of your personal data by them.<\/span><\/p>\n<p><span lang=\"PT\" style=\"color: #000000;\"> <\/span><\/p>\n<p><span lang=\"PT\" style=\"color: #000000;\"> <\/span><\/p>\n<p><span lang=\"PT\" style=\"color: #000000;\"> <\/span><\/p>\n<p><span lang=\"PT\" style=\"color: #000000;\"> <\/span><\/p>\n<p><\/p>\t\t\t\t\t\t\t\t<\/div>\n\t\t\t\t<\/div>\n\t\t\t\t\t<\/div>\n\t\t<\/div>\n\t\t\t\t\t<\/div>\n\t\t<\/section>\n\t\t\t\t<\/div>\n\t\t","protected":false},"excerpt":{"rendered":"<p>Information Privacy Policy &amp; Cookies This Privacy and Data Protection Policy is intended to comply with the national and European law in force, in order to protect the data and privacy of natural persons in the process of using them on our website, or in any other interaction with Casa Alva in which these data [&hellip;]<\/p>\n","protected":false},"author":1,"featured_media":0,"parent":0,"menu_order":0,"comment_status":"closed","ping_status":"closed","template":"elementor_header_footer","meta":{"footnotes":""},"class_list":["post-1308","page","type-page","status-publish","hentry"],"_links":{"self":[{"href":"https:\/\/casa-alva.com\/en\/wp-json\/wp\/v2\/pages\/1308","targetHints":{"allow":["GET"]}}],"collection":[{"href":"https:\/\/casa-alva.com\/en\/wp-json\/wp\/v2\/pages"}],"about":[{"href":"https:\/\/casa-alva.com\/en\/wp-json\/wp\/v2\/types\/page"}],"author":[{"embeddable":true,"href":"https:\/\/casa-alva.com\/en\/wp-json\/wp\/v2\/users\/1"}],"replies":[{"embeddable":true,"href":"https:\/\/casa-alva.com\/en\/wp-json\/wp\/v2\/comments?post=1308"}],"version-history":[{"count":3,"href":"https:\/\/casa-alva.com\/en\/wp-json\/wp\/v2\/pages\/1308\/revisions"}],"predecessor-version":[{"id":1311,"href":"https:\/\/casa-alva.com\/en\/wp-json\/wp\/v2\/pages\/1308\/revisions\/1311"}],"wp:attachment":[{"href":"https:\/\/casa-alva.com\/en\/wp-json\/wp\/v2\/media?parent=1308"}],"curies":[{"name":"wp","href":"https:\/\/api.w.org\/{rel}","templated":true}]}}